{"id":988,"date":"2016-08-15T11:03:08","date_gmt":"2016-08-15T10:03:08","guid":{"rendered":"http:\/\/www.box-of-chocolates.nl\/?page_id=988"},"modified":"2025-03-14T09:06:35","modified_gmt":"2025-03-14T08:06:35","slug":"improvisatie-extensives","status":"publish","type":"page","link":"https:\/\/box-of-chocolates.nl\/cms\/index.php\/trainingen\/improvisatie-extensives\/","title":{"rendered":"Improvisatie Workshops"},"content":{"rendered":"<h2><a href=\"https:\/\/box-of-chocolates.nl\/cms\/wp-content\/uploads\/2016\/08\/workshop-tsw.jpg\"><img loading=\"lazy\" decoding=\"async\" class=\"alignright wp-image-1004\" src=\"https:\/\/box-of-chocolates.nl\/cms\/wp-content\/uploads\/2016\/08\/workshop-tsw.jpg\" alt=\"workshop tsw\" width=\"250\" height=\"188\" srcset=\"https:\/\/box-of-chocolates.nl\/cms\/wp-content\/uploads\/2016\/08\/workshop-tsw.jpg 1632w, https:\/\/box-of-chocolates.nl\/cms\/wp-content\/uploads\/2016\/08\/workshop-tsw-300x225.jpg 300w, https:\/\/box-of-chocolates.nl\/cms\/wp-content\/uploads\/2016\/08\/workshop-tsw-1024x768.jpg 1024w\" sizes=\"auto, (max-width: 250px) 100vw, 250px\" \/><\/a>Speciaal voor theatersport- en improvisatietheater<\/h2>\n<p>Een hele dag trainen op \u00e9\u00e9n onderwerp? Ik hou ervan. Lekker veel inzoomen, onderdompelen, oefenen en \u00e9cht leren!<\/p>\n<p>Heb jij met je team dit jaar een weekendje of uitstapje en wil je een leuke afwisselende dag waarin je bovendien echt stappen zet? Doe dan een &#8216;extensive workshop&#8217;. Je traint dan stap voor stap een hele dag op een specifiek thema. Een extensive workshop kan duren van 3,5 tot 5 uur. Ik gaf afgelopen jaar al veel van dit soort trainingen bij theatersportgroepen.<\/p>\n<h2><span style=\"color: #008000;\">Mijn &#8216;best-sellers&#8217; zijn:<\/span><\/h2>\n<h3>&#8211; Say the right thing<\/h3>\n<p><strong>Geef spelaanbod dat ertoe doet.\u00a0<\/strong><br \/>\n<img loading=\"lazy\" decoding=\"async\" class=\"alignleft wp-image-998\" src=\"https:\/\/box-of-chocolates.nl\/cms\/wp-content\/uploads\/2016\/08\/Duck-Massager-2-150x150.jpg\" alt=\"Duck%20Massager%202\" width=\"96\" height=\"100\" srcset=\"https:\/\/box-of-chocolates.nl\/cms\/wp-content\/uploads\/2016\/08\/Duck-Massager-2-287x300.jpg 287w, https:\/\/box-of-chocolates.nl\/cms\/wp-content\/uploads\/2016\/08\/Duck-Massager-2.jpg 766w\" sizes=\"auto, (max-width: 96px) 100vw, 96px\" \/>Waar gaat deze scene nou over?! Door zelf heel compact en helder te zijn, help je jezelf en je medespeler verder. Niet meer samen langzaam ontdekken, maar BAM! meteen keihard to the point. In deze workshop leer je superhelder te herkennen wat jouw personage drijft: Wat voel je? Wat denk je? Wat wil je? Waarom? Benoem het direct en expliciet: \u00a0Daarmee krijgt de scene diepgang en doel, waardoor het spelen als vanzelf gaat. Nooit meer met je mond vol tanden. Maar kickstart elke scene met jouw briljante teksten.<br \/>\nDe workshop heeft veel verschillende oefeningen (theorie en praktijk) die in tweetallen en voor de groep worden gedaan. Belangrijk onderdeel is mijn befaamde <em>&#8216;Eendjes-<\/em>oefening&#8217;. Het laatste gedeelte van de workshop is gericht op het toepassen van alle theorie in spannende, de vloer op achtige scenes.<br \/>\nIk heb deze workshop vaak gegeven met veel positieve reacties:\u00a0<em><span style=\"color: #ff6600;\">&#8220;Wow ik wou dat ik dit al jaren geleden had geleerd. Dit werkt echt!&#8221;<br \/>\n<\/span><\/em><span style=\"color: #008000;\">(Ik gaf deze workshop bij o.a. Cinco de Mayo, TVA, Placebo, Theatersportweekend, Dulcinea en Skil).<\/span><\/p>\n<h3>\u2013 Personages Mixer.<\/h3>\n<p><strong>Bouw je personage op met behulp van mijn 5 V&#8217;s, en bespeel het als een DJ.\u00a0<\/strong><br \/>\nLeer een personage op te bouwen op verschillende manieren. <a href=\"https:\/\/box-of-chocolates.nl\/cms\/wp-content\/uploads\/2020\/09\/vij.jpg\"><img loading=\"lazy\" decoding=\"async\" class=\"wp-image-2358  alignleft\" src=\"https:\/\/box-of-chocolates.nl\/cms\/wp-content\/uploads\/2020\/09\/vij.jpg\" alt=\"\" width=\"154\" height=\"98\" srcset=\"https:\/\/box-of-chocolates.nl\/cms\/wp-content\/uploads\/2020\/09\/vij.jpg 1236w, https:\/\/box-of-chocolates.nl\/cms\/wp-content\/uploads\/2020\/09\/vij-300x191.jpg 300w, https:\/\/box-of-chocolates.nl\/cms\/wp-content\/uploads\/2020\/09\/vij-768x490.jpg 768w, https:\/\/box-of-chocolates.nl\/cms\/wp-content\/uploads\/2020\/09\/vij-1024x653.jpg 1024w\" sizes=\"auto, (max-width: 154px) 100vw, 154px\" \/><\/a>En zorg ervoor dat je deze nooit meer vergeet. Met behulp van mijn eigen ontwikkelde &#8216;5 V&#8217;s&#8217; krijg je een volledige controle over jouw personages. Zodat je supersnel een herkenbaar, opvallend personage kunt neerzetten. Als een soort DJ kun je vervolgens sommige aspecten harder of zachter zetten, zodat het een geloofwaardig persoon wordt met diepgang. Deze workshop is uitermate geschikt voor een hele reeks (waarbij je elke les een andere V behandelt). En voor gevorderden kan het in 1 avond als &#8216;bijspijkeren en eyeopener&#8217;.<br \/>\n<span style=\"color: #008000;\">(Deze intensive gaf ik o.a. bij Remifestival online, Impro Amsterdam festival, Rataplan en Kattekwoad).<\/span><\/p>\n<h3>\u2013 Intimiteit op het podium<\/h3>\n<p><a href=\"https:\/\/box-of-chocolates.nl\/cms\/wp-content\/uploads\/2014\/09\/poster-hetbedin.jpg\"><img loading=\"lazy\" decoding=\"async\" class=\"wp-image-258  alignleft\" src=\"https:\/\/box-of-chocolates.nl\/cms\/wp-content\/uploads\/2014\/09\/poster-hetbedin.jpg\" alt=\"\" width=\"100\" height=\"134\" \/><\/a>Ik speelde de voorstelling <a title=\"Het bed in (Sleeping together)\" href=\"https:\/\/box-of-chocolates.nl\/cms\/index.php\/voorstellingen\/het-bed-in\/\" target=\"_blank\" rel=\"noopener noreferrer\">&#8216;Het Bed In&#8217; <\/a>met Miriam Brouwer waarin we intieme, romantische en sexy scenes speelden. We kwamen erachter hoe belangrijk het is dat je elkaar durft aan te raken. Al is het maar een hand op je wang&#8230;. Het haalt veel onnodige spanning bij de spelers weg en voegt de spanning toe waar het hoort: in de scene zelf!<\/p>\n<p>Doel van deze workshop is dat jij en je medespeler comforabel is bij intieme scenes: handen vasthouden, omhelzen en wellicht ook zoenen?<br \/>\nWe starten met lichaamshouding: je staat, zit en praat anders met je collega dan met je partner. We onderzoeken de verschillen.<br \/>\nDaarna gaan we zoenen. Ik geef je theatertechnieken en we gaan op onderzoek uit. Belangrijk in deze workshop is het aangeven van grenzen. Het gaat erom dat je deze van elkaar kent en respecteert.\u00a0 Bovendien zul je merken dat de romantiek veel interessanter is dan het zoenen zelf.<\/p>\n<p>Het wordt dus spannend en leuk. We gaan grappige sexy scenes spelen en praten over fantasie\u00ebn.\u00a0De vertrouwensband\u00a0met je medespelers wordt sterker.<br \/>\n<span style=\"color: #008000;\">(Deze training gaf ik bij o.a. &#8217;s Slippertje, theaterportweekend, TVA en Improfessioneel.)<\/span><\/p>\n<h3>&#8211; Solo improvisatie<\/h3>\n<p><strong>Eerste stappen in solospel.<\/strong><br \/>\n<a href=\"https:\/\/box-of-chocolates.nl\/cms\/wp-content\/uploads\/2016\/08\/solocard-for-web.jpg\"><img loading=\"lazy\" decoding=\"async\" class=\"alignleft wp-image-1018\" src=\"https:\/\/box-of-chocolates.nl\/cms\/wp-content\/uploads\/2016\/08\/solocard-for-web.jpg\" alt=\"Print\" width=\"100\" height=\"91\" \/><\/a>Ik ben gespecialiseerd in solo-improvisatie. De ultieme vorm van improviseren.\u00a0In deze workshop zet je de eerste stappen. Ik loods je door de wereld van solo en laat je de vruchten proeven en plukken. Dit is echt een speeltuin van oefeningen. We bekijken mogelijke\u00a0spelvormen, stijlen en technieken. Je leert je eigen sterke punten kennen en deze vol in te zetten in jouw eigen solo&#8217;s.\u00a0Je oefent veel in duo&#8217;s en soms voor de groep. Uiteindelijk krijgt alles meer vorm en ga je werken aan je eigen solo. De training is gericht op short-form, maar ik geef je ook persoonlijke tips om verder mee aan de slag te gaan. Wellicht voor jouw eigen eerste solo-programma.<\/p>\n<p><span style=\"color: #00ccff;\"><em>Ik leerde solo bij de Second City improv-school in Chicago. En ik organiseer met Andr\u00e9 Besseling al enkele jaren het Remi-festival: Het eerste solo-improvisatie-festival ter wereld waarin we de veelzijdigheid van solo laten zien. Zo is mijn eigen solospel een longform waarin ik een roadmovie op het toneel breng, met veel actie en humor.<\/em><\/span><br \/>\n<span style=\"color: #00ccff;\"> <em> Deze workshop is geschikt voor spelers met meer ervaring.<\/em><\/span><br \/>\n<span style=\"color: #008000;\">(Ik gaf deze workshop o.a. bij Remifestival, Impro Amsterdam, Only the lonely festival Gent)<\/span><\/p>\n<h3>Wie ben ik?<\/h3>\n<p><a href=\"https:\/\/box-of-chocolates.nl\/cms\/wp-content\/uploads\/2016\/08\/richardroling05.jpg\"><img loading=\"lazy\" decoding=\"async\" class=\"alignleft wp-image-1001\" src=\"https:\/\/box-of-chocolates.nl\/cms\/wp-content\/uploads\/2016\/08\/richardroling05.jpg\" alt=\"richardroling05\" width=\"100\" height=\"102\" srcset=\"https:\/\/box-of-chocolates.nl\/cms\/wp-content\/uploads\/2016\/08\/richardroling05.jpg 1224w, https:\/\/box-of-chocolates.nl\/cms\/wp-content\/uploads\/2016\/08\/richardroling05-292x300.jpg 292w, https:\/\/box-of-chocolates.nl\/cms\/wp-content\/uploads\/2016\/08\/richardroling05-999x1024.jpg 999w\" sizes=\"auto, (max-width: 100px) 100vw, 100px\" \/><\/a>Ik ben een docent met een behoorlijke bagage. Zowel professioneel als recreatief speel en train ik.<br \/>\nIk heb ervaring in veel improgroepen* en ben daardoor thuis in diverse speelstijlen en vormen. Ik speelde op diverse internationale festivals alwaar ik veel kennis heb vergaard. Ook speel ik solo en organiseer ik het solo-improfestival Remi-festival samen met Andre Besseling.<br \/>\nAl deze ervaring wil ik graag delen met enthousiaste groepen die open staan voor experiment, stil durven staan bij nieuwe technieken en niet bang zijn voor zelfreflectie. Dit doe ik allemaal in een prettige mix van hard werken en heel veel lol trappen.<\/p>\n<p><em><span style=\"color: #008000;\">* Ik speel(de) bij o.a. Pluk de dag Rotterdam, De Arrogantjes, Comedy Cowboys, The Big Mo, Remi-festival, Puppet X en &#8216;Het bed in&#8217;<\/span><br \/>\n<span style=\"color: #008000;\"> Ik gaf les bij o.a. Placebo, TVA, Pluk de Dag, Moeders Mooiste, &#8217;t Slippertje, Cinco de Mayo, Impromaniacs, Binnenste Buiten, Improfessioneel\u00a0etc.<\/span><br \/>\n<\/em><\/p>\n","protected":false},"excerpt":{"rendered":"<p>Speciaal voor theatersport- en improvisatietheater Een hele dag trainen op \u00e9\u00e9n onderwerp? Ik hou ervan. Lekker veel inzoomen, onderdompelen, oefenen en \u00e9cht leren! Heb jij met je team dit jaar een weekendje of uitstapje en wil je een leuke afwisselende dag waarin je bovendien echt stappen zet? Doe dan een &#8216;extensive workshop&#8217;. Je traint dan [&hellip;]<\/p>\n","protected":false},"author":2,"featured_media":0,"parent":10,"menu_order":0,"comment_status":"open","ping_status":"closed","template":"","meta":{"_genesis_hide_title":false,"_genesis_hide_breadcrumbs":false,"_genesis_hide_singular_image":false,"_genesis_hide_footer_widgets":false,"_genesis_custom_body_class":"","_genesis_custom_post_class":"","_genesis_layout":"","footnotes":""},"class_list":{"0":"post-988","1":"page","2":"type-page","3":"status-publish","5":"entry","6":"has-post-thumbnail"},"_links":{"self":[{"href":"https:\/\/box-of-chocolates.nl\/cms\/index.php\/wp-json\/wp\/v2\/pages\/988","targetHints":{"allow":["GET"]}}],"collection":[{"href":"https:\/\/box-of-chocolates.nl\/cms\/index.php\/wp-json\/wp\/v2\/pages"}],"about":[{"href":"https:\/\/box-of-chocolates.nl\/cms\/index.php\/wp-json\/wp\/v2\/types\/page"}],"author":[{"embeddable":true,"href":"https:\/\/box-of-chocolates.nl\/cms\/index.php\/wp-json\/wp\/v2\/users\/2"}],"replies":[{"embeddable":true,"href":"https:\/\/box-of-chocolates.nl\/cms\/index.php\/wp-json\/wp\/v2\/comments?post=988"}],"version-history":[{"count":47,"href":"https:\/\/box-of-chocolates.nl\/cms\/index.php\/wp-json\/wp\/v2\/pages\/988\/revisions"}],"predecessor-version":[{"id":3197,"href":"https:\/\/box-of-chocolates.nl\/cms\/index.php\/wp-json\/wp\/v2\/pages\/988\/revisions\/3197"}],"up":[{"embeddable":true,"href":"https:\/\/box-of-chocolates.nl\/cms\/index.php\/wp-json\/wp\/v2\/pages\/10"}],"wp:attachment":[{"href":"https:\/\/box-of-chocolates.nl\/cms\/index.php\/wp-json\/wp\/v2\/media?parent=988"}],"curies":[{"name":"wp","href":"https:\/\/api.w.org\/{rel}","templated":true}]}}