{"id":76,"date":"2014-10-01T11:10:41","date_gmt":"2014-10-01T10:10:41","guid":{"rendered":"http:\/\/box-of-chocolates.nl\/cms\/?page_id=76"},"modified":"2021-10-29T11:04:38","modified_gmt":"2021-10-29T10:04:38","slug":"het-bed-in","status":"publish","type":"page","link":"https:\/\/box-of-chocolates.nl\/cms\/index.php\/voorstellingen\/het-bed-in\/","title":{"rendered":"Het bed in (Sleeping together)"},"content":{"rendered":"<p><a href=\"http:\/\/box-of-chocolates.nl\/cms\/wp-content\/uploads\/2014\/11\/hetbedinbig.jpg\"><img loading=\"lazy\" decoding=\"async\" class=\"alignleft wp-image-408\" src=\"http:\/\/box-of-chocolates.nl\/cms\/wp-content\/uploads\/2014\/11\/hetbedinbig.jpg\" alt=\"hetbedinbig\" width=\"366\" height=\"515\" srcset=\"https:\/\/box-of-chocolates.nl\/cms\/wp-content\/uploads\/2014\/11\/hetbedinbig.jpg 400w, https:\/\/box-of-chocolates.nl\/cms\/wp-content\/uploads\/2014\/11\/hetbedinbig-213x300.jpg 213w\" sizes=\"auto, (max-width: 366px) 100vw, 366px\" \/><\/a><a title=\"Sleeping Together\" href=\"https:\/\/box-of-chocolates.nl\/cms\/index.php\/sleeping-together\/\"><img loading=\"lazy\" decoding=\"async\" class=\"alignright wp-image-812 size-full\" src=\"https:\/\/box-of-chocolates.nl\/cms\/wp-content\/uploads\/2014\/10\/flagukbig.jpg\" alt=\"flagukbig\" width=\"25\" height=\"18\" \/><\/a>Tussen 2010 en 2015 speelden we deze voorstelling over intimiteit en liefde. Gebaseerd op anonieme suggesties van het publiek werden sc\u00e8nes ge\u00efmproviseerd over relaties, flirten, daten en fantasie\u00ebn\u2026 Herkenbaar, romantisch, hoopvol en schaamteloos. Het bed in!<\/p>\n<blockquote><p><span style=\"color: #339966;\">Als je te hard op me leunt, dan val ik om.&#8221;<\/span><br \/>\n<span style=\"color: #339966;\"> &#8211; Uit Het Bed In<\/span><\/p><\/blockquote>\n<p>Deze voorstelling was o.a. te zien op Impro Amsterdam Festival en Kiwi Impro Keulen.<br \/>\n<em>Wie weet willen we deze voorstelling nog eens spelen op een festival of geschikte intieme setting&#8230;<br \/>\nNeem contact op!<\/em><\/p>\n<p>Deze voorstelling spelen we ook in het Engels onder de naam <a title=\"Het bed in \/ Sleeping together\" href=\"https:\/\/box-of-chocolates.nl\/cms\/index.php\/voorstellingen\/het-bed-in\/\">&#8216;Sleeping Together&#8217;<\/a>.<\/p>\n","protected":false},"excerpt":{"rendered":"<p>Tussen 2010 en 2015 speelden we deze voorstelling over intimiteit en liefde. Gebaseerd op anonieme suggesties van het publiek werden sc\u00e8nes ge\u00efmproviseerd over relaties, flirten, daten en fantasie\u00ebn\u2026 Herkenbaar, romantisch, hoopvol en schaamteloos. Het bed in! Als je te hard op me leunt, dan val ik om.&#8221; &#8211; Uit Het Bed In Deze voorstelling was [&hellip;]<\/p>\n","protected":false},"author":1,"featured_media":0,"parent":20,"menu_order":0,"comment_status":"open","ping_status":"closed","template":"","meta":{"_genesis_hide_title":false,"_genesis_hide_breadcrumbs":false,"_genesis_hide_singular_image":false,"_genesis_hide_footer_widgets":false,"_genesis_custom_body_class":"","_genesis_custom_post_class":"","_genesis_layout":"","footnotes":""},"class_list":{"0":"post-76","1":"page","2":"type-page","3":"status-publish","5":"entry","6":"has-post-thumbnail"},"_links":{"self":[{"href":"https:\/\/box-of-chocolates.nl\/cms\/index.php\/wp-json\/wp\/v2\/pages\/76","targetHints":{"allow":["GET"]}}],"collection":[{"href":"https:\/\/box-of-chocolates.nl\/cms\/index.php\/wp-json\/wp\/v2\/pages"}],"about":[{"href":"https:\/\/box-of-chocolates.nl\/cms\/index.php\/wp-json\/wp\/v2\/types\/page"}],"author":[{"embeddable":true,"href":"https:\/\/box-of-chocolates.nl\/cms\/index.php\/wp-json\/wp\/v2\/users\/1"}],"replies":[{"embeddable":true,"href":"https:\/\/box-of-chocolates.nl\/cms\/index.php\/wp-json\/wp\/v2\/comments?post=76"}],"version-history":[{"count":24,"href":"https:\/\/box-of-chocolates.nl\/cms\/index.php\/wp-json\/wp\/v2\/pages\/76\/revisions"}],"predecessor-version":[{"id":2827,"href":"https:\/\/box-of-chocolates.nl\/cms\/index.php\/wp-json\/wp\/v2\/pages\/76\/revisions\/2827"}],"up":[{"embeddable":true,"href":"https:\/\/box-of-chocolates.nl\/cms\/index.php\/wp-json\/wp\/v2\/pages\/20"}],"wp:attachment":[{"href":"https:\/\/box-of-chocolates.nl\/cms\/index.php\/wp-json\/wp\/v2\/media?parent=76"}],"curies":[{"name":"wp","href":"https:\/\/api.w.org\/{rel}","templated":true}]}}