{"id":49,"date":"2014-10-01T10:52:03","date_gmt":"2014-10-01T09:52:03","guid":{"rendered":"http:\/\/box-of-chocolates.nl\/cms\/?page_id=49"},"modified":"2025-11-17T09:33:07","modified_gmt":"2025-11-17T08:33:07","slug":"home","status":"publish","type":"page","link":"https:\/\/box-of-chocolates.nl\/cms\/","title":{"rendered":"Teamtrainer, impro-acteur, presentator"},"content":{"rendered":"<div class=\"wp-block-image is-resized\">\n<figure class=\"alignleft size-full\"><img loading=\"lazy\" decoding=\"async\" width=\"1920\" height=\"2560\" src=\"https:\/\/www.box-of-chocolates.nl\/cms\/wp-content\/uploads\/2025\/04\/plantsit-NERO-scaled.jpeg\" alt=\"\" class=\"wp-image-3198\" style=\"width:400px\" srcset=\"https:\/\/box-of-chocolates.nl\/cms\/wp-content\/uploads\/2025\/04\/plantsit-NERO-scaled.jpeg 1920w, https:\/\/box-of-chocolates.nl\/cms\/wp-content\/uploads\/2025\/04\/plantsit-NERO-225x300.jpeg 225w, https:\/\/box-of-chocolates.nl\/cms\/wp-content\/uploads\/2025\/04\/plantsit-NERO-768x1024.jpeg 768w, https:\/\/box-of-chocolates.nl\/cms\/wp-content\/uploads\/2025\/04\/plantsit-NERO-1152x1536.jpeg 1152w, https:\/\/box-of-chocolates.nl\/cms\/wp-content\/uploads\/2025\/04\/plantsit-NERO-1536x2048.jpeg 1536w\" sizes=\"auto, (max-width: 1920px) 100vw, 1920px\" \/><\/figure>\n<\/div>\n\n\n<p>Jullie hebben een leuk team. Iedereen is goed in z\u2019n vak, er wordt hard gewerkt \u2014 en af en toe ook nog gelachen. Niks meer aan doen, toch?<br><br>Nou ja\u2026 waar mensen samenwerken, is ook gedoe.<br>Er gaat iets mis en niemand lost het echt op.<br>Een collega doet irritant, maar je zegt er niets van.<br>Of \u2018die van de administratie\u2019 wil alles op tijd, terwijl jij denkt:&nbsp;<em>kan het niet een b\u00e9\u00e9tje improviseren?<\/em><br><br>Welkom in de echte wereld. Mensen zijn verschillend, en de wereld verandert continu. Hoe ga je daar samen mee om?<\/p>\n\n\n\n<p>Ik ben\u00a0<strong>Richard Roling<\/strong>. Ik help teams om makkelijker en leuker samen te werken \u2014 met humor, speelsheid en gezond verstand.<br>In mijn\u00a0<strong>Toffe Trotse Team Training<\/strong>\u00a0onderzoeken jullie hoe het echt met de samenwerking staat. Of in\u00a0de workshop\u00a0<strong>Steeds Transformeren<\/strong>, waarin we jullie processen eens lekker opschudden met improvisatie, zodat jullie wendbaarder zijn in een steeds veranderende wereld.<br><br>Daarnaast ben ik\u00a0<strong>dagvoorzitter<\/strong>\u00a0die inhoud en plezier combineert. Geen taaie dag, maar \u00e9\u00e9n die voorbijvliegt \u00e9n ergens over gaat. En wie weet \u2014 maak er meteen een stukje\u00a0<strong>bedrijfstheater<\/strong>\u00a0van.<br><br>Ik gebruik daarbij veel humor en gezond verstand. Want zo heel ingewikkeld is het nou ook weer niet, dat samenwerken. Toch?<\/p>\n\n\n\n<p class=\"has-luminous-vivid-orange-color has-text-color\">&#8220;Life is like a box of chocolates, you never know what you&#8217;re gonna get.&#8221; &#8211; Forrest Gump<\/p>\n\n\n\n<p><\/p>\n","protected":false},"excerpt":{"rendered":"<p>Jullie hebben een leuk team. Iedereen is goed in z\u2019n vak, er wordt hard gewerkt \u2014 en af en toe ook nog gelachen. Niks meer aan doen, toch? Nou ja\u2026 waar mensen samenwerken, is ook gedoe.Er gaat iets mis en niemand lost het echt op.Een collega doet irritant, maar je zegt er niets van.Of \u2018die [&hellip;]<\/p>\n","protected":false},"author":1,"featured_media":113,"parent":0,"menu_order":0,"comment_status":"open","ping_status":"closed","template":"","meta":{"_genesis_hide_title":false,"_genesis_hide_breadcrumbs":false,"_genesis_hide_singular_image":false,"_genesis_hide_footer_widgets":false,"_genesis_custom_body_class":"","_genesis_custom_post_class":"","_genesis_layout":"","footnotes":""},"class_list":{"0":"post-49","1":"page","2":"type-page","3":"status-publish","4":"has-post-thumbnail","6":"entry"},"_links":{"self":[{"href":"https:\/\/box-of-chocolates.nl\/cms\/index.php\/wp-json\/wp\/v2\/pages\/49","targetHints":{"allow":["GET"]}}],"collection":[{"href":"https:\/\/box-of-chocolates.nl\/cms\/index.php\/wp-json\/wp\/v2\/pages"}],"about":[{"href":"https:\/\/box-of-chocolates.nl\/cms\/index.php\/wp-json\/wp\/v2\/types\/page"}],"author":[{"embeddable":true,"href":"https:\/\/box-of-chocolates.nl\/cms\/index.php\/wp-json\/wp\/v2\/users\/1"}],"replies":[{"embeddable":true,"href":"https:\/\/box-of-chocolates.nl\/cms\/index.php\/wp-json\/wp\/v2\/comments?post=49"}],"version-history":[{"count":159,"href":"https:\/\/box-of-chocolates.nl\/cms\/index.php\/wp-json\/wp\/v2\/pages\/49\/revisions"}],"predecessor-version":[{"id":3260,"href":"https:\/\/box-of-chocolates.nl\/cms\/index.php\/wp-json\/wp\/v2\/pages\/49\/revisions\/3260"}],"wp:featuredmedia":[{"embeddable":true,"href":"https:\/\/box-of-chocolates.nl\/cms\/index.php\/wp-json\/wp\/v2\/media\/113"}],"wp:attachment":[{"href":"https:\/\/box-of-chocolates.nl\/cms\/index.php\/wp-json\/wp\/v2\/media?parent=49"}],"curies":[{"name":"wp","href":"https:\/\/api.w.org\/{rel}","templated":true}]}}