{"id":2860,"date":"2021-10-29T12:38:24","date_gmt":"2021-10-29T11:38:24","guid":{"rendered":"http:\/\/www.box-of-chocolates.nl\/?page_id=2860"},"modified":"2025-11-21T10:56:00","modified_gmt":"2025-11-21T09:56:00","slug":"toffetrotseteam","status":"publish","type":"page","link":"https:\/\/box-of-chocolates.nl\/cms\/index.php\/toffetrotseteam\/","title":{"rendered":"Het Toffe Trotse Team: Beter en leuker samenwerken"},"content":{"rendered":"\n<figure class=\"wp-block-image size-large\"><a href=\"https:\/\/box-of-chocolates.nl\/cms\/wp-content\/uploads\/2024\/01\/richard-groep-scaled.jpg\"><img loading=\"lazy\" decoding=\"async\" width=\"1024\" height=\"576\" src=\"https:\/\/box-of-chocolates.nl\/cms\/wp-content\/uploads\/2024\/01\/richard-groep-1024x576.jpg\" alt=\"\" class=\"wp-image-3140\" srcset=\"https:\/\/box-of-chocolates.nl\/cms\/wp-content\/uploads\/2024\/01\/richard-groep-1024x576.jpg 1024w, https:\/\/box-of-chocolates.nl\/cms\/wp-content\/uploads\/2024\/01\/richard-groep-300x169.jpg 300w, https:\/\/box-of-chocolates.nl\/cms\/wp-content\/uploads\/2024\/01\/richard-groep-768x432.jpg 768w, https:\/\/box-of-chocolates.nl\/cms\/wp-content\/uploads\/2024\/01\/richard-groep-1536x864.jpg 1536w, https:\/\/box-of-chocolates.nl\/cms\/wp-content\/uploads\/2024\/01\/richard-groep-2048x1152.jpg 2048w\" sizes=\"auto, (max-width: 1024px) 100vw, 1024px\" \/><\/a><\/figure>\n\n\n\n<p class=\"has-black-color has-text-color\"><strong>Waar mensen werken, is altijd wel iets aan de hand.<br><\/strong>Collega\u2019s die afspraken vergeten, een manager met onrealistische verwachtingen, een opdrachtgever die steeds van mening verandert\u2026 of gewoon een collega waar je geen klik mee hebt\u2026 Gedoe is er altijd, je wilt er alleen niet teveel van.<br><br>Daarom is het goed om af en toe stil te staan en te vragen:&nbsp;<br><em>Hoe gaat het met ons? Zitten we op \u00e9\u00e9n lijn? Gaat alles goed, of zijn er verbeterpuntjes?<\/em><br>Daarvoor is deze workshop perfect:&nbsp;<strong>Het Toffe Trotse Team!<\/strong>&nbsp;<br>Ik noem deze workshop ook wel een Team APK-keuring: je brengt je auto even weg voor een check. Niet omdat er perse iets kapot is, maar om gewoon eens te onderzoeken naar onderliggende gebreken.<br><br><strong>Stap in een workshop waarin je&nbsp;team op een verrassende manier met elkaar gaat samenwerken. Geen saaie theorie, maar&nbsp;spel, humor en creativiteit.<\/strong><\/p>\n\n\n\n<p><strong>Wat gebeurt er in deze 3 uur durende workshop?<\/strong><\/p>\n\n\n\n<p>De workshop is een uitgebalanceerd geheel dat als een reis voelt: van een langzame start, naar actieve spellen, tot meer rust en reflectie in het midden. En dan weer een spetterend vrolijk einde.  <br><br>Jullie ontdekken elkaar opnieuw met een&nbsp;<strong>kennismakingsrondje vol verrassingen<\/strong>, laten iedereen wakker en alert worden met&nbsp;<strong>snelle schietoefeningen<\/strong>, en testen concentratie en samenwerking met het magische spel&nbsp;<strong>Focus Pocus<\/strong>.&nbsp;<br>Via&nbsp;\u2018<strong>Dierenmanieren\u2019<\/strong>&nbsp;leren we elkaars sterke kanten kennen (wie is het werkpaard, en wie de spin in het web?) En een&nbsp;<strong>complimentenregen<\/strong>&nbsp;zorgt voor warmte, waardering en directe feedback.<\/p>\n\n\n\n<p>Tijdens de inhoudelijke\u00a0<strong>speeddates<\/strong>\u00a0praten collega\u2019s \u00e9\u00e9n-op-\u00e9\u00e9n over successen, verbeterpunten en persoonlijke wensen. Die inzichten worden gepresenteerd met\u00a0<strong>theater, humor en expressie<\/strong>, zodat creativiteit en verbinding zichtbaar worden. Zo zie je dat alle leerstijlen worden aangestipt.<\/p>\n\n\n\n<p class=\"has-luminous-vivid-orange-color has-text-color has-link-color wp-elements-b46039955e59f9d3e8e4af9edb67b9b4\"><br>Reacties van deelnemers:<br>\u201c<em>Dit was echt veel leuker dan ik had gedacht. Ik werd meteen fanatiek!\u201d<\/em><br><em>\u201cOei, dat was wel even lastig zeg. Gelukkig bouwde je de oefening langzaam op.\u201d\u00a0<\/em><br><em>\u201cNou ja, dit wist ik helemaal niet over mijn collega&#8217;s!\u00a0Leuk dat we elkaar eens anders zien.\u201d<\/em><br><em>\u201cDit was echt wel een eye-opener. Hier kunnen we goed mee verder.\u201d<\/em><br><em>\u201cJe was als trainer heel open en eerlijk daardoor durfde iedereen mee te doen.\u201d\u00a0<\/em><br>\u201c<em>Deze aanpak werkt voor mij veel beter dan zo\u2019n\u00a0theoretische\u00a0training\u00a0met post-its\u2019.\u00a0<\/em><br><em>&#8220;Ik had nooit gedacht dat we hierop zouden uitkomen! Ik wil er meteen mee aan de slag.&#8221;<\/em><\/p>\n\n\n\n<p><strong>Veelgestelde vragen<\/strong><\/p>\n\n\n\n<p><strong>Is deze workshop geschikt voor mijn team?<\/strong><br>Ja, voor bestaande of nieuwe teams van 8\u201320 deelnemers, op elk niveau.<\/p>\n\n\n\n<p><strong>Wie is de host?<\/strong><br>Ik ben&nbsp;<strong>Richard Roling<\/strong>, met 30 jaar improvisatie-ervaring in theater en 20 jaar toepassing in het bedrijfsleven. Ik weet een groep te enthousiasmeren en actief te betrekken.<\/p>\n\n\n\n<p><strong>Werkt het ook bij serieuze of sceptische deelnemers?<\/strong><br>Ja, de training is stap voor stap opgebouwd. Iedereen komt op zijn eigen tempo mee, en aan het eind staat iedereen misschien wel op de stoelen te dansen (maar dat zien ze pas later).<\/p>\n\n\n\n<p><strong>Helpt het bij stress en communicatieproblemen?<\/strong><br>Deze workshop is vooral bedoeld om&nbsp;<strong>te vieren, verbinden en plannen maken<\/strong>, niet om diepgewortelde conflicten op te lossen.<\/p>\n\n\n\n<p><strong>Kan ik een eigen thema aandragen?<\/strong><br>Ja, als jouw thema raakvlakken heeft, bespreken we een aangepaste opzet.<\/p>\n\n\n\n<p class=\"has-black-color has-text-color\"><strong>Wat kost het?<\/strong><br>Duur: 3 uur<br>Richtprijs: \u20ac750 voor een groep van 10\u201320 deelnemers<br>Exacte prijs stemmen we af op jouw wensen.<\/p>\n\n\n\n<p class=\"has-vivid-cyan-blue-color has-text-color\"><\/p>\n\n\n\n<p><em><strong>Wat kost dat?<br><\/strong><em>Deze middag duurt 3 uur, en richtprijs is 750 euro bij een groep van 10 \u2013 20 deelnemers. Maar het hangt verder af van jouw wensen, dan kijken we samen wat het beste past.&nbsp;<\/em><\/em><\/p>\n\n\n<div class=\"wp-block-image is-resized is-style-rounded\">\n<figure class=\"alignright size-large\"><a href=\"https:\/\/box-of-chocolates.nl\/cms\/wp-content\/uploads\/2025\/11\/richard-roling-portret-2-modified.png\"><img loading=\"lazy\" decoding=\"async\" width=\"1024\" height=\"1024\" src=\"https:\/\/box-of-chocolates.nl\/cms\/wp-content\/uploads\/2025\/11\/richard-roling-portret-2-modified-1024x1024.png\" alt=\"\" class=\"wp-image-3269\" style=\"width:133px;height:auto\" srcset=\"https:\/\/box-of-chocolates.nl\/cms\/wp-content\/uploads\/2025\/11\/richard-roling-portret-2-modified-1024x1024.png 1024w, https:\/\/box-of-chocolates.nl\/cms\/wp-content\/uploads\/2025\/11\/richard-roling-portret-2-modified-300x300.png 300w, https:\/\/box-of-chocolates.nl\/cms\/wp-content\/uploads\/2025\/11\/richard-roling-portret-2-modified-150x150.png 150w, https:\/\/box-of-chocolates.nl\/cms\/wp-content\/uploads\/2025\/11\/richard-roling-portret-2-modified-768x768.png 768w, https:\/\/box-of-chocolates.nl\/cms\/wp-content\/uploads\/2025\/11\/richard-roling-portret-2-modified-1536x1536.png 1536w, https:\/\/box-of-chocolates.nl\/cms\/wp-content\/uploads\/2025\/11\/richard-roling-portret-2-modified-100x100.png 100w, https:\/\/box-of-chocolates.nl\/cms\/wp-content\/uploads\/2025\/11\/richard-roling-portret-2-modified.png 1668w\" sizes=\"auto, (max-width: 1024px) 100vw, 1024px\" \/><\/a><\/figure>\n<\/div>\n\n\n<p class=\"has-white-color has-luminous-vivid-amber-to-luminous-vivid-orange-gradient-background has-text-color has-background\"><strong>Wil jij met jouw team een toffe middag? De neuzen nog meer dezelfde kant op?&nbsp;<\/strong><br><strong><a href=\"https:\/\/box-of-chocolates.nl\/cms\/index.php\/contactformulier\/\" data-type=\"page\" data-id=\"523\">Plan nu een zoomcall in met mij.<\/a>  <\/strong><br>We maken in 20 minuten via zoom of teams kennis en kiezen meteen een datum voor deze bijzondere middag voor jouw team.<\/p>\n\n\n\n<p><\/p>\n","protected":false},"excerpt":{"rendered":"<p>Waar mensen werken, is altijd wel iets aan de hand.Collega\u2019s die afspraken vergeten, een manager met onrealistische verwachtingen, een opdrachtgever die steeds van mening verandert\u2026 of gewoon een collega waar je geen klik mee hebt\u2026 Gedoe is er altijd, je wilt er alleen niet teveel van. Daarom is het goed om af en toe stil [&hellip;]<\/p>\n","protected":false},"author":2,"featured_media":0,"parent":0,"menu_order":0,"comment_status":"closed","ping_status":"closed","template":"","meta":{"_genesis_hide_title":false,"_genesis_hide_breadcrumbs":false,"_genesis_hide_singular_image":false,"_genesis_hide_footer_widgets":false,"_genesis_custom_body_class":"","_genesis_custom_post_class":"","_genesis_layout":"","footnotes":""},"class_list":{"0":"post-2860","1":"page","2":"type-page","3":"status-publish","5":"entry","6":"has-post-thumbnail"},"_links":{"self":[{"href":"https:\/\/box-of-chocolates.nl\/cms\/index.php\/wp-json\/wp\/v2\/pages\/2860","targetHints":{"allow":["GET"]}}],"collection":[{"href":"https:\/\/box-of-chocolates.nl\/cms\/index.php\/wp-json\/wp\/v2\/pages"}],"about":[{"href":"https:\/\/box-of-chocolates.nl\/cms\/index.php\/wp-json\/wp\/v2\/types\/page"}],"author":[{"embeddable":true,"href":"https:\/\/box-of-chocolates.nl\/cms\/index.php\/wp-json\/wp\/v2\/users\/2"}],"replies":[{"embeddable":true,"href":"https:\/\/box-of-chocolates.nl\/cms\/index.php\/wp-json\/wp\/v2\/comments?post=2860"}],"version-history":[{"count":35,"href":"https:\/\/box-of-chocolates.nl\/cms\/index.php\/wp-json\/wp\/v2\/pages\/2860\/revisions"}],"predecessor-version":[{"id":3342,"href":"https:\/\/box-of-chocolates.nl\/cms\/index.php\/wp-json\/wp\/v2\/pages\/2860\/revisions\/3342"}],"wp:attachment":[{"href":"https:\/\/box-of-chocolates.nl\/cms\/index.php\/wp-json\/wp\/v2\/media?parent=2860"}],"curies":[{"name":"wp","href":"https:\/\/api.w.org\/{rel}","templated":true}]}}